{"id":3685,"date":"2025-10-15T11:24:40","date_gmt":"2025-10-15T17:24:40","guid":{"rendered":"https:\/\/dispensadoresregiomontanos.com\/?post_type=product&#038;p=3685"},"modified":"2025-10-15T16:45:48","modified_gmt":"2025-10-15T22:45:48","slug":"dispensador-de-agua-fria-caliente-conexion-a-red-toma-directa-uf-16-e","status":"publish","type":"product","link":"https:\/\/dispensadoresregiomontanos.com\/en\/shop\/dispensadores-conexiones-a-red\/dispensador-de-agua-fria-caliente-conexion-a-red-toma-directa-uf-16-e\/","title":{"rendered":"DISPENSADOR DE AGUA FR\u00cdA \/ CALIENTE CONEXI\u00d3N A RED \/ TOMA DIRECTA &#8211; UF-16\/E"},"content":{"rendered":"<ul>\n<li>Elegante dise\u00f1o moderno y funcional.<\/li>\n<li>Dep\u00f3sito para agua fr\u00eda y caliente, de acero inoxidable.<\/li>\n<li>Termostato con control de temperatura ajustable para el agua fr\u00eda.<\/li>\n<li>Certificado Norma Oficial Mexicana NOM-003SCFI-2014 y NMX-J-521\/1-ANCE-2012.<\/li>\n<li>Compressor de alta eficiencia de enfriamiento con sistema ahorrador de energ\u00eda.<\/li>\n<li>Sistema de filtrado en base a cuatro etapas de filtraci\u00f3n.<\/li>\n<li>Capacidad de enfriamiento 5 litros agua fr\u00eda.<\/li>\n<li>Capacidad de calentamiento 5 litros agua caliente.<\/li>\n<li>Se conecta a la red de agua y cuenta con llenado autom\u00e1tico.<\/li>\n<li>Interruptor independiente para el encendido y apagado del agua caliente y fr\u00eda, ubicado en la parte de atr\u00e1s del equipo.<\/li>\n<li>Gotero removible de f\u00e1cil manejo.<\/li>\n<li>Incluye kit b\u00e1sico de instalaci\u00f3n (2 metros) de manguera grado alimenticio y v\u00e1lvula de media pulgada.<\/li>\n<\/ul>","protected":false},"excerpt":{"rendered":"<p>Elegante dise\u00f1o moderno y funcional. Dep\u00f3sito para agua fr\u00eda y caliente, de acero inoxidable. Termostato con control de temperatura ajustable para el agua fr\u00eda. Certificado Norma Oficial Mexicana NOM-003SCFI-2014 y [&hellip;]<\/p>\n","protected":false},"featured_media":3686,"template":"","meta":[],"product_brand":[],"product_cat":[230],"product_tag":[249],"class_list":{"0":"post-3685","1":"product","2":"type-product","3":"status-publish","4":"has-post-thumbnail","6":"product_cat-dispensadores-conexiones-a-red","7":"product_tag-garrafon-oculto","10":"first","11":"instock","12":"shipping-taxable","13":"purchasable","14":"product-type-simple"},"_links":{"self":[{"href":"https:\/\/dispensadoresregiomontanos.com\/en\/wp-json\/wp\/v2\/product\/3685","targetHints":{"allow":["GET"]}}],"collection":[{"href":"https:\/\/dispensadoresregiomontanos.com\/en\/wp-json\/wp\/v2\/product"}],"about":[{"href":"https:\/\/dispensadoresregiomontanos.com\/en\/wp-json\/wp\/v2\/types\/product"}],"wp:featuredmedia":[{"embeddable":true,"href":"https:\/\/dispensadoresregiomontanos.com\/en\/wp-json\/wp\/v2\/media\/3686"}],"wp:attachment":[{"href":"https:\/\/dispensadoresregiomontanos.com\/en\/wp-json\/wp\/v2\/media?parent=3685"}],"wp:term":[{"taxonomy":"product_brand","embeddable":true,"href":"https:\/\/dispensadoresregiomontanos.com\/en\/wp-json\/wp\/v2\/product_brand?post=3685"},{"taxonomy":"product_cat","embeddable":true,"href":"https:\/\/dispensadoresregiomontanos.com\/en\/wp-json\/wp\/v2\/product_cat?post=3685"},{"taxonomy":"product_tag","embeddable":true,"href":"https:\/\/dispensadoresregiomontanos.com\/en\/wp-json\/wp\/v2\/product_tag?post=3685"}],"curies":[{"name":"wp","href":"https:\/\/api.w.org\/{rel}","templated":true}]}}