{"id":3678,"date":"2025-10-15T11:13:44","date_gmt":"2025-10-15T17:13:44","guid":{"rendered":"https:\/\/dispensadoresregiomontanos.com\/?post_type=product&#038;p=3678"},"modified":"2025-10-15T16:46:24","modified_gmt":"2025-10-15T22:46:24","slug":"dispensador-de-agua-fria-y-caliente-conexion-a-red-toma-directa-heresuf-20-acero-inoxidable","status":"publish","type":"product","link":"https:\/\/dispensadoresregiomontanos.com\/en\/shop\/dispensadores-conexiones-a-red\/dispensador-de-agua-fria-y-caliente-conexion-a-red-toma-directa-heresuf-20-acero-inoxidable\/","title":{"rendered":"DISPENSADOR DE AGUA FR\u00cdA Y CALIENTE CONEXI\u00d3N A RED \/ TOMA DIRECTA &#8211; HERESUF-20 &#8211; ACERO INOXIDABLE"},"content":{"rendered":"<ul>\n<li>Sistema de conexi\u00f3n directa a RED de agua, no necesita garraf\u00f3n<\/li>\n<li>Luces Led indicadores de agua fr\u00eda y caliente<\/li>\n<li>Termostato manual para regular la temperatura de agua fr\u00eda<\/li>\n<li>Sistema de enfriamiento eficiente y duradero<\/li>\n<li>Capacidad de calentamiento de 5 litros agua fr\u00eda<\/li>\n<li>Capacidad de enfriamiento 5 litros agua fr\u00eda<\/li>\n<li>100% Acero Inoxidable en el \u00e1rea de contacto con el agua<\/li>\n<li>M\u00ednimo ruido y f\u00e1cil instalaci\u00f3n<\/li>\n<li>Garant\u00eda de hasta 1 a\u00f1o mediante chequeo mensual<\/li>\n<\/ul>","protected":false},"excerpt":{"rendered":"<p>Sistema de conexi\u00f3n directa a RED de agua, no necesita garraf\u00f3n Luces Led indicadores de agua fr\u00eda y caliente Termostato manual para regular la temperatura de agua fr\u00eda Sistema de [&hellip;]<\/p>\n","protected":false},"featured_media":3679,"template":"","meta":[],"product_brand":[],"product_cat":[230],"product_tag":[249],"class_list":{"0":"post-3678","1":"product","2":"type-product","3":"status-publish","4":"has-post-thumbnail","6":"product_cat-dispensadores-conexiones-a-red","7":"product_tag-garrafon-oculto","10":"first","11":"instock","12":"shipping-taxable","13":"purchasable","14":"product-type-simple"},"_links":{"self":[{"href":"https:\/\/dispensadoresregiomontanos.com\/en\/wp-json\/wp\/v2\/product\/3678","targetHints":{"allow":["GET"]}}],"collection":[{"href":"https:\/\/dispensadoresregiomontanos.com\/en\/wp-json\/wp\/v2\/product"}],"about":[{"href":"https:\/\/dispensadoresregiomontanos.com\/en\/wp-json\/wp\/v2\/types\/product"}],"wp:featuredmedia":[{"embeddable":true,"href":"https:\/\/dispensadoresregiomontanos.com\/en\/wp-json\/wp\/v2\/media\/3679"}],"wp:attachment":[{"href":"https:\/\/dispensadoresregiomontanos.com\/en\/wp-json\/wp\/v2\/media?parent=3678"}],"wp:term":[{"taxonomy":"product_brand","embeddable":true,"href":"https:\/\/dispensadoresregiomontanos.com\/en\/wp-json\/wp\/v2\/product_brand?post=3678"},{"taxonomy":"product_cat","embeddable":true,"href":"https:\/\/dispensadoresregiomontanos.com\/en\/wp-json\/wp\/v2\/product_cat?post=3678"},{"taxonomy":"product_tag","embeddable":true,"href":"https:\/\/dispensadoresregiomontanos.com\/en\/wp-json\/wp\/v2\/product_tag?post=3678"}],"curies":[{"name":"wp","href":"https:\/\/api.w.org\/{rel}","templated":true}]}}