{"id":3676,"date":"2025-10-15T11:12:07","date_gmt":"2025-10-15T17:12:07","guid":{"rendered":"https:\/\/dispensadoresregiomontanos.com\/?post_type=product&#038;p=3676"},"modified":"2025-10-15T16:53:58","modified_gmt":"2025-10-15T22:53:58","slug":"dispensador-de-agua-fria-caliente-y-templada-garrafon-oculto-lb10sl","status":"publish","type":"product","link":"https:\/\/dispensadoresregiomontanos.com\/en\/shop\/dispensadores-para-garrafon\/dispensador-de-agua-fria-caliente-y-templada-garrafon-oculto-lb10sl\/","title":{"rendered":"DISPENSADOR DE AGUA FR\u00cdA, CALIENTE Y TEMPLADA GARRAF\u00d3N OCULTO &#8211; LB10SL"},"content":{"rendered":"<ul>\n<li>Pl\u00e1stico resistente anti-bacterias<\/li>\n<li>Tanque de agua fr\u00eda y caliente de acero inoxidable<\/li>\n<li>Termostato manual para regular la temperatura del agua fr\u00eda<\/li>\n<li>Capacidad de calentamiento de 5 litros agua fr\u00eda<\/li>\n<li>Capacidad de calentamiento de 5 litros agua caliente<\/li>\n<li>Luces indicadoras de fr\u00edo y caliente<\/li>\n<li>Proporciona agua fr\u00eda, caliente y templada<\/li>\n<li>Seguro Antiquemaduras<\/li>\n<li>Sistema de enfriamiento por compresor<\/li>\n<li>Capacidad para garrafones de 10 y 20 Lts<\/li>\n<li>Disponible en Negro y Plata<\/li>\n<\/ul>","protected":false},"excerpt":{"rendered":"<p>Pl\u00e1stico resistente anti-bacterias Tanque de agua fr\u00eda y caliente de acero inoxidable Termostato manual para regular la temperatura del agua fr\u00eda Capacidad de calentamiento de 5 litros agua fr\u00eda Capacidad [&hellip;]<\/p>\n","protected":false},"featured_media":3677,"template":"","meta":[],"product_brand":[],"product_cat":[255],"product_tag":[249],"class_list":{"0":"post-3676","1":"product","2":"type-product","3":"status-publish","4":"has-post-thumbnail","6":"product_cat-dispensadores-para-garrafon","7":"product_tag-garrafon-oculto","10":"first","11":"instock","12":"shipping-taxable","13":"purchasable","14":"product-type-simple"},"_links":{"self":[{"href":"https:\/\/dispensadoresregiomontanos.com\/en\/wp-json\/wp\/v2\/product\/3676","targetHints":{"allow":["GET"]}}],"collection":[{"href":"https:\/\/dispensadoresregiomontanos.com\/en\/wp-json\/wp\/v2\/product"}],"about":[{"href":"https:\/\/dispensadoresregiomontanos.com\/en\/wp-json\/wp\/v2\/types\/product"}],"wp:featuredmedia":[{"embeddable":true,"href":"https:\/\/dispensadoresregiomontanos.com\/en\/wp-json\/wp\/v2\/media\/3677"}],"wp:attachment":[{"href":"https:\/\/dispensadoresregiomontanos.com\/en\/wp-json\/wp\/v2\/media?parent=3676"}],"wp:term":[{"taxonomy":"product_brand","embeddable":true,"href":"https:\/\/dispensadoresregiomontanos.com\/en\/wp-json\/wp\/v2\/product_brand?post=3676"},{"taxonomy":"product_cat","embeddable":true,"href":"https:\/\/dispensadoresregiomontanos.com\/en\/wp-json\/wp\/v2\/product_cat?post=3676"},{"taxonomy":"product_tag","embeddable":true,"href":"https:\/\/dispensadoresregiomontanos.com\/en\/wp-json\/wp\/v2\/product_tag?post=3676"}],"curies":[{"name":"wp","href":"https:\/\/api.w.org\/{rel}","templated":true}]}}