{"id":3674,"date":"2025-10-15T11:08:45","date_gmt":"2025-10-15T17:08:45","guid":{"rendered":"https:\/\/dispensadoresregiomontanos.com\/?post_type=product&#038;p=3674"},"modified":"2025-10-15T16:46:50","modified_gmt":"2025-10-15T22:46:50","slug":"dispensador-de-agua-fria-y-caliente-hereslb-08l","status":"publish","type":"product","link":"https:\/\/dispensadoresregiomontanos.com\/en\/shop\/dispensadores-para-garrafon\/dispensador-de-agua-fria-y-caliente-hereslb-08l\/","title":{"rendered":"DISPENSADOR DE AGUA FR\u00cdA Y CALIENTE &#8211; HERESLB-08L"},"content":{"rendered":"<ul>\n<li>Colocaci\u00f3n del garraf\u00f3n en la parte superior<\/li>\n<li>Luces Led indicadores de agua caliente y fr\u00eda<\/li>\n<li>Capacidad para cualquier tama\u00f1o de garraf\u00f3n<\/li>\n<li>Protecci\u00f3n contra sobre calentamiento<\/li>\n<li>Sistema de enfriamiento eficiente<\/li>\n<li>Dep\u00f3sito de 2 litros en la parte de fr\u00edo<\/li>\n<li>Capacidad de calentamiento 5 litros agua caliente<\/li>\n<li>Se enfr\u00eda a temperatura ambiente<\/li>\n<li>Sistema anti derrames<\/li>\n<li>Gas refrigerante R134a\/59g<\/li>\n<li>Funci\u00f3n manual para regular la temperatura del agua fr\u00eda<\/li>\n<\/ul>","protected":false},"excerpt":{"rendered":"<p>Colocaci\u00f3n del garraf\u00f3n en la parte superior Luces Led indicadores de agua caliente y fr\u00eda Capacidad para cualquier tama\u00f1o de garraf\u00f3n Protecci\u00f3n contra sobre calentamiento Sistema de enfriamiento eficiente Dep\u00f3sito [&hellip;]<\/p>\n","protected":false},"featured_media":3675,"template":"","meta":[],"product_brand":[],"product_cat":[255],"product_tag":[249],"class_list":{"0":"post-3674","1":"product","2":"type-product","3":"status-publish","4":"has-post-thumbnail","6":"product_cat-dispensadores-para-garrafon","7":"product_tag-garrafon-oculto","10":"first","11":"instock","12":"shipping-taxable","13":"purchasable","14":"product-type-simple"},"_links":{"self":[{"href":"https:\/\/dispensadoresregiomontanos.com\/en\/wp-json\/wp\/v2\/product\/3674","targetHints":{"allow":["GET"]}}],"collection":[{"href":"https:\/\/dispensadoresregiomontanos.com\/en\/wp-json\/wp\/v2\/product"}],"about":[{"href":"https:\/\/dispensadoresregiomontanos.com\/en\/wp-json\/wp\/v2\/types\/product"}],"wp:featuredmedia":[{"embeddable":true,"href":"https:\/\/dispensadoresregiomontanos.com\/en\/wp-json\/wp\/v2\/media\/3675"}],"wp:attachment":[{"href":"https:\/\/dispensadoresregiomontanos.com\/en\/wp-json\/wp\/v2\/media?parent=3674"}],"wp:term":[{"taxonomy":"product_brand","embeddable":true,"href":"https:\/\/dispensadoresregiomontanos.com\/en\/wp-json\/wp\/v2\/product_brand?post=3674"},{"taxonomy":"product_cat","embeddable":true,"href":"https:\/\/dispensadoresregiomontanos.com\/en\/wp-json\/wp\/v2\/product_cat?post=3674"},{"taxonomy":"product_tag","embeddable":true,"href":"https:\/\/dispensadoresregiomontanos.com\/en\/wp-json\/wp\/v2\/product_tag?post=3674"}],"curies":[{"name":"wp","href":"https:\/\/api.w.org\/{rel}","templated":true}]}}