{"id":3093,"date":"2018-01-12T15:22:23","date_gmt":"2018-01-12T15:22:23","guid":{"rendered":"https:\/\/dispensadoresregiomontanos.com\/?page_id=3093"},"modified":"2024-07-18T08:26:48","modified_gmt":"2024-07-18T14:26:48","slug":"dispensadoresregiomontanos","status":"publish","type":"page","link":"https:\/\/dispensadoresregiomontanos.com\/en\/dispensadoresregiomontanos\/","title":{"rendered":"Dispensadores Regiomontanos"},"content":{"rendered":"<section data-vc-full-width=\"true\" data-vc-full-width-init=\"false\" class=\"vc_section\"><div class=\"vc_row wpb_row vc_row-fluid\"><div class=\"wpb_column vc_column_container vc_col-sm-12\"><div class=\"vc_column-inner\"><div class=\"wpb_wrapper\"><div class=\"es-resp\">\t<div class=\"visible-xl\" style=\"height: 5px;\"><\/div>\t<div class=\"hidden-xl hidden-sm hidden-md hidden-ms hidden-xs\" style=\"height: 64px;\"><\/div>\t<div class=\"hidden-xl hidden-lg hidden-sm hidden-ms hidden-xs\" style=\"height: 64px;\"><\/div>\t<div class=\"hidden-xl hidden-lg hidden-md hidden-ms hidden-xs\" style=\"height: 64px;\"><\/div>\t<div class=\"visible-ms\" style=\"height: 64px;\"><\/div>\t<div class=\"visible-xs\" style=\"height: 64px;\"><\/div><\/div><div class=\"heading  head-subheader align-left color-black subcolor-main transform-default   vc_custom_1721312182084\" id=\"like_sc_header_1068139820\"><h6 class=\"subheader font-main\">Acerca de nosotros<\/h6><h3 class=\"header\">Dispensadores Regiomontanos<\/h3><\/div><div class=\"ltx-content-width col-align-left\" style=\"max-width: 680px\">\n\t<div class=\"wpb_text_column wpb_content_element\">\n\t\t<div class=\"wpb_wrapper\">\n\t\t\t<h4>En Dispensadores Regiomontanos, nos dedicamos a satisfacer las necesidades de nuestros clientes ofreciendo productos de alta calidad y brindando el mejor servicio. Nos enorgullecemos de nuestra puntualidad en las entregas y la experiencia acumulada a lo largo de los a\u00f1os en el mercado, lo que nos ha llevado a ser recomendados por quienes conf\u00edan en nosotros.<\/h4>\n\n\t\t<\/div>\n\t<\/div>\n<\/div><div class=\"ltx-content-width col-align-left\" style=\"max-width: 680px\">\n\t<div class=\"wpb_text_column wpb_content_element\">\n\t\t<div class=\"wpb_wrapper\">\n\t\t\t<p>Dispensadores Regiomontanos surge como resultado de la evoluci\u00f3n y la experiencia adquirida a lo largo de los a\u00f1os en el mercado, atendiendo la demanda de nuestros clientes por productos innovadores, de calidad y con garant\u00eda en cada servicio y producto entregado. Somos una empresa regiomontana ubicada en Monterrey, Nuevo Le\u00f3n, compuesta por fabricantes, investigadores y un equipo de profesionales que trabaja en armon\u00eda y colaboraci\u00f3n en cada departamento para ofrecerte lo mejor.<\/p>\n\n\t\t<\/div>\n\t<\/div>\n<\/div><div class=\"es-resp\">\t<div class=\"visible-xl\" style=\"height: 40px;\"><\/div>\t<div class=\"hidden-xl hidden-sm hidden-md hidden-ms hidden-xs\" style=\"height: 64px;\"><\/div>\t<div class=\"hidden-xl hidden-lg hidden-sm hidden-ms hidden-xs\" style=\"height: 64px;\"><\/div>\t<div class=\"hidden-xl hidden-lg hidden-md hidden-ms hidden-xs\" style=\"height: 64px;\"><\/div>\t<div class=\"visible-ms\" style=\"height: 64px;\"><\/div>\t<div class=\"visible-xs\" style=\"height: 64px;\"><\/div><\/div><div class=\"btn-wrap align-left\"><a href=\"\" class=\"btn  btn-default transform-default color-text-white color-hover-black align-left\" id=\"like_sc_button_375328281\">Ver catalogo...<\/a><\/div><div class=\"es-resp\">\t<div class=\"visible-xl\" style=\"height: 100px;\"><\/div>\t<div class=\"hidden-xl hidden-sm hidden-md hidden-ms hidden-xs\" style=\"height: 64px;\"><\/div>\t<div class=\"hidden-xl hidden-lg hidden-sm hidden-ms hidden-xs\" style=\"height: 64px;\"><\/div>\t<div class=\"hidden-xl hidden-lg hidden-md hidden-ms hidden-xs\" style=\"height: 64px;\"><\/div>\t<div class=\"visible-ms\" style=\"height: 64px;\"><\/div>\t<div class=\"visible-xs\" style=\"height: 64px;\"><\/div><\/div><div class=\"es-resp\">\t<div class=\"visible-xl\" style=\"height: 25px;\"><\/div>\t<div class=\"hidden-xl hidden-sm hidden-md hidden-ms hidden-xs\" style=\"height: 64px;\"><\/div>\t<div class=\"hidden-xl hidden-lg hidden-sm hidden-ms hidden-xs\" style=\"height: 64px;\"><\/div>\t<div class=\"hidden-xl hidden-lg hidden-md hidden-ms hidden-xs\" style=\"height: 64px;\"><\/div>\t<div class=\"visible-ms\" style=\"height: 64px;\"><\/div>\t<div class=\"visible-xs\" style=\"height: 64px;\"><\/div><\/div>\n\t<div  class=\"wpb_single_image wpb_content_element vc_align_left\">\n\t\t\n\t\t<figure class=\"wpb_wrapper vc_figure\">\n\t\t\t<div class=\"vc_single_image-wrapper vc_box_shadow  vc_box_border_grey\"><img loading=\"lazy\" decoding=\"async\" width=\"1400\" height=\"933\" src=\"https:\/\/dispensadoresregiomontanos.com\/wp-content\/uploads\/2017\/09\/blog16.jpg\" class=\"vc_single_image-img attachment-full\" alt=\"\" srcset=\"https:\/\/dispensadoresregiomontanos.com\/wp-content\/uploads\/2017\/09\/blog16.jpg 1400w, https:\/\/dispensadoresregiomontanos.com\/wp-content\/uploads\/2017\/09\/blog16-300x200.jpg 300w, https:\/\/dispensadoresregiomontanos.com\/wp-content\/uploads\/2017\/09\/blog16-768x512.jpg 768w, https:\/\/dispensadoresregiomontanos.com\/wp-content\/uploads\/2017\/09\/blog16-1024x682.jpg 1024w, https:\/\/dispensadoresregiomontanos.com\/wp-content\/uploads\/2017\/09\/blog16-600x400.jpg 600w, https:\/\/dispensadoresregiomontanos.com\/wp-content\/uploads\/2017\/09\/blog16-272x182.jpg 272w\" sizes=\"auto, (max-width: 1400px) 100vw, 1400px\" \/><\/div>\n\t\t<\/figure>\n\t<\/div>\n<\/div><\/div><\/div><\/div><\/section><div class=\"vc_row-full-width vc_clearfix\"><\/div><section data-vc-full-width=\"true\" data-vc-full-width-init=\"false\" class=\"vc_section bg-color-theme_color homepage-icons\"><div class=\"vc_row wpb_row vc_row-fluid vc_row-o-equal-height vc_row-o-content-middle vc_row-flex ltx-sr ltx-sr-effect-fade_in ltx-sr-id-531016902 ltx-sr-el-text_el ltx-sr-delay-200 ltx-sr-duration-150 ltx-sr-sequences-100\"><div class=\"wpb_column vc_column_container vc_col-sm-12 vc_col-lg-4 vc_col-md-12\"><div class=\"vc_column-inner\"><div class=\"wpb_wrapper\"><div class=\"es-resp\">\t<div class=\"visible-xl\" style=\"height: 0px;\"><\/div>\t<div class=\"hidden-xl hidden-sm hidden-md hidden-ms hidden-xs\" style=\"height: 32px;\"><\/div>\t<div class=\"hidden-xl hidden-lg hidden-sm hidden-ms hidden-xs\" style=\"height: 32px;\"><\/div>\t<div class=\"hidden-xl hidden-lg hidden-md hidden-ms hidden-xs\" style=\"height: 32px;\"><\/div>\t<div class=\"visible-ms\" style=\"height: 32px;\"><\/div>\t<div class=\"visible-xs\" style=\"height: 32px;\"><\/div><\/div><div class=\"heading  head-subheader align-left color-white transform-default   vc_custom_1545189634116\" id=\"like_sc_header_656930927\"><h5 class=\"header\">Nuestra empresa es nueva, nuestra experiencia, confiable. <span class=\"subheader sub-nl\"><\/span><\/h5><\/div><div class=\"heading  head-subheader align-left color-black transform-default   vc_custom_1545189718407\" id=\"like_sc_header_2082817164\"><h6 class=\"header\">Nuestros productos son los mas innovadores y contamos con stock para suministrar en tiempo record <span class=\"subheader sub-nl\"><\/span><\/h6><\/div><div class=\"es-resp\">\t<div class=\"visible-xl\" style=\"height: 0px;\"><\/div>\t<div class=\"hidden-xl hidden-sm hidden-md hidden-ms hidden-xs\" style=\"height: 48px;\"><\/div>\t<div class=\"hidden-xl hidden-lg hidden-sm hidden-ms hidden-xs\" style=\"height: 48px;\"><\/div>\t<div class=\"hidden-xl hidden-lg hidden-md hidden-ms hidden-xs\" style=\"height: 48px;\"><\/div>\t<div class=\"visible-ms\" style=\"height: 48px;\"><\/div>\t<div class=\"visible-xs\" style=\"height: 32px;\"><\/div><\/div><\/div><\/div><\/div><div class=\"wpb_column vc_column_container vc_col-sm-6 vc_col-lg-2 vc_col-md-6 vc_col-xs-6\"><div class=\"vc_column-inner\"><div class=\"wpb_wrapper\">\n\t<div  class=\"wpb_single_image wpb_content_element vc_align_center  vc_custom_1514245570517\">\n\t\t\n\t\t<figure class=\"wpb_wrapper vc_figure\">\n\t\t\t<div class=\"vc_single_image-wrapper   vc_box_border_grey\"><img loading=\"lazy\" decoding=\"async\" width=\"65\" height=\"82\" src=\"https:\/\/dispensadoresregiomontanos.com\/wp-content\/uploads\/2017\/12\/microscope.png\" class=\"vc_single_image-img attachment-full\" alt=\"\" \/><\/div>\n\t\t<\/figure>\n\t<\/div>\n<div class=\"heading  head-subheader align-center subcolor-main transform-default   vc_custom_1545189923657\" id=\"like_sc_header_859673472\"><h6 class=\"header\">Innovaci\u00f3n<\/h6><\/div><div class=\"es-resp\">\t<div class=\"visible-xl\" style=\"height: 0px;\"><\/div>\t<div class=\"hidden-xl hidden-sm hidden-md hidden-ms hidden-xs\" style=\"height: 64px;\"><\/div>\t<div class=\"hidden-xl hidden-lg hidden-sm hidden-ms hidden-xs\" style=\"height: 64px;\"><\/div>\t<div class=\"hidden-xl hidden-lg hidden-md hidden-ms hidden-xs\" style=\"height: 64px;\"><\/div>\t<div class=\"visible-ms\" style=\"height: 64px;\"><\/div>\t<div class=\"visible-xs\" style=\"height: 48px;\"><\/div><\/div><\/div><\/div><\/div><div class=\"wpb_column vc_column_container vc_col-sm-6 vc_col-lg-2 vc_col-md-6 vc_col-xs-6\"><div class=\"vc_column-inner\"><div class=\"wpb_wrapper\">\n\t<div  class=\"wpb_single_image wpb_content_element vc_align_center  vc_custom_1514245575021\">\n\t\t\n\t\t<figure class=\"wpb_wrapper vc_figure\">\n\t\t\t<div class=\"vc_single_image-wrapper   vc_box_border_grey\"><img loading=\"lazy\" decoding=\"async\" width=\"77\" height=\"77\" src=\"https:\/\/dispensadoresregiomontanos.com\/wp-content\/uploads\/2017\/12\/flasks.png\" class=\"vc_single_image-img attachment-full\" alt=\"\" \/><\/div>\n\t\t<\/figure>\n\t<\/div>\n<div class=\"heading  head-subheader align-center subcolor-main transform-default   vc_custom_1545189955107\" id=\"like_sc_header_1392681809\"><h6 class=\"header\">Materiales saludables<\/h6><\/div><div class=\"es-resp\">\t<div class=\"visible-xl\" style=\"height: 0px;\"><\/div>\t<div class=\"hidden-xl hidden-sm hidden-md hidden-ms hidden-xs\" style=\"height: 64px;\"><\/div>\t<div class=\"hidden-xl hidden-lg hidden-sm hidden-ms hidden-xs\" style=\"height: 64px;\"><\/div>\t<div class=\"hidden-xl hidden-lg hidden-md hidden-ms hidden-xs\" style=\"height: 64px;\"><\/div>\t<div class=\"visible-ms\" style=\"height: 64px;\"><\/div>\t<div class=\"visible-xs\" style=\"height: 48px;\"><\/div><\/div><\/div><\/div><\/div><div class=\"wpb_column vc_column_container vc_col-sm-6 vc_col-lg-2 vc_col-md-6 vc_col-xs-6\"><div class=\"vc_column-inner\"><div class=\"wpb_wrapper\">\n\t<div  class=\"wpb_single_image wpb_content_element vc_align_center  vc_custom_1514245580032\">\n\t\t\n\t\t<figure class=\"wpb_wrapper vc_figure\">\n\t\t\t<div class=\"vc_single_image-wrapper   vc_box_border_grey\"><img loading=\"lazy\" decoding=\"async\" width=\"53\" height=\"69\" src=\"https:\/\/dispensadoresregiomontanos.com\/wp-content\/uploads\/2017\/12\/air-filte.png\" class=\"vc_single_image-img attachment-full\" alt=\"\" \/><\/div>\n\t\t<\/figure>\n\t<\/div>\n<div class=\"heading  head-subheader align-center subcolor-main transform-default   vc_custom_1545189984923\" id=\"like_sc_header_1390459703\"><h6 class=\"header\">Tecnolog\u00eda aplicada<\/h6><\/div><div class=\"es-resp\">\t<div class=\"visible-xl\" style=\"height: 0px;\"><\/div>\t<div class=\"hidden-xl hidden-sm hidden-md hidden-ms hidden-xs\" style=\"height: 64px;\"><\/div>\t<div class=\"hidden-xl hidden-lg hidden-sm hidden-ms hidden-xs\" style=\"height: 64px;\"><\/div>\t<div class=\"hidden-xl hidden-lg hidden-md hidden-ms hidden-xs\" style=\"height: 64px;\"><\/div>\t<div class=\"visible-ms\" style=\"height: 64px;\"><\/div>\t<div class=\"visible-xs\" style=\"height: 32px;\"><\/div><\/div><\/div><\/div><\/div><div class=\"wpb_column vc_column_container vc_col-sm-6 vc_col-lg-2 vc_col-md-6 vc_col-xs-6\"><div class=\"vc_column-inner\"><div class=\"wpb_wrapper\">\n\t<div  class=\"wpb_single_image wpb_content_element vc_align_center  vc_custom_1514245584321\">\n\t\t\n\t\t<figure class=\"wpb_wrapper vc_figure\">\n\t\t\t<div class=\"vc_single_image-wrapper   vc_box_border_grey\"><img loading=\"lazy\" decoding=\"async\" width=\"64\" height=\"79\" src=\"https:\/\/dispensadoresregiomontanos.com\/wp-content\/uploads\/2017\/12\/diploma.png\" class=\"vc_single_image-img attachment-full\" alt=\"\" \/><\/div>\n\t\t<\/figure>\n\t<\/div>\n<div class=\"heading  head-subheader align-center subcolor-main transform-default   vc_custom_1545190004444\" id=\"like_sc_header_599360808\"><h6 class=\"header\">Calidad garantizadas<\/h6><\/div><div class=\"es-resp\">\t<div class=\"visible-xl\" style=\"height: 0px;\"><\/div>\t<div class=\"hidden-xl hidden-sm hidden-md hidden-ms hidden-xs\" style=\"height: 64px;\"><\/div>\t<div class=\"hidden-xl hidden-lg hidden-sm hidden-ms hidden-xs\" style=\"height: 64px;\"><\/div>\t<div class=\"hidden-xl hidden-lg hidden-md hidden-ms hidden-xs\" style=\"height: 64px;\"><\/div>\t<div class=\"visible-ms\" style=\"height: 64px;\"><\/div>\t<div class=\"visible-xs\" style=\"height: 32px;\"><\/div><\/div><\/div><\/div><\/div><\/div><\/section><div class=\"vc_row-full-width vc_clearfix\"><\/div><section data-vc-full-width=\"true\" data-vc-full-width-init=\"false\" class=\"vc_section\"><div class=\"vc_row wpb_row vc_row-fluid\"><div class=\"wpb_column vc_column_container vc_col-sm-12\"><div class=\"vc_column-inner\"><div class=\"wpb_wrapper\"><div class=\"es-resp\">\t<div class=\"visible-xl\" style=\"height: 64px;\"><\/div>\t<div class=\"hidden-xl hidden-sm hidden-md hidden-ms hidden-xs\" style=\"height: 64px;\"><\/div>\t<div class=\"hidden-xl hidden-lg hidden-sm hidden-ms hidden-xs\" style=\"height: 64px;\"><\/div>\t<div class=\"hidden-xl hidden-lg hidden-md hidden-ms hidden-xs\" style=\"height: 32px;\"><\/div>\t<div class=\"visible-ms\" style=\"height: 32px;\"><\/div>\t<div class=\"visible-xs\" style=\"height: 16px;\"><\/div><\/div><\/div><\/div><\/div><\/div><\/section><div class=\"vc_row-full-width vc_clearfix\"><\/div><section data-vc-full-width=\"true\" data-vc-full-width-init=\"false\" class=\"vc_section\"><div class=\"vc_row wpb_row vc_row-fluid\"><div class=\"wpb_column vc_column_container vc_col-sm-12\"><div class=\"vc_column-inner\"><div class=\"wpb_wrapper\"><div class=\"es-resp\">\t<div class=\"visible-xl\" style=\"height: 50px;\"><\/div>\t<div class=\"hidden-xl hidden-sm hidden-md hidden-ms hidden-xs\" style=\"height: 50px;\"><\/div>\t<div class=\"hidden-xl hidden-lg hidden-sm hidden-ms hidden-xs\" style=\"height: 50px;\"><\/div>\t<div class=\"hidden-xl hidden-lg hidden-md hidden-ms hidden-xs\" style=\"height: 50px;\"><\/div>\t<div class=\"visible-ms\" style=\"height: 50px;\"><\/div>\t<div class=\"visible-xs\" style=\"height: 50px;\"><\/div><\/div><\/div><\/div><\/div><\/div><\/section><div class=\"vc_row-full-width vc_clearfix\"><\/div>","protected":false},"excerpt":{"rendered":"Acerca de nosotrosDispensadores Regiomontanos En Dispensadores Regiomontanos, nos dedicamos a satisfacer las necesidades de nuestros clientes ofreciendo productos de alta calidad y brindando el mejor servicio. Nos enorgullecemos de nuestra [...]","protected":false},"author":1,"featured_media":0,"parent":0,"menu_order":0,"comment_status":"closed","ping_status":"closed","template":"","meta":{"footnotes":""},"class_list":["post-3093","page","type-page","status-publish","hentry"],"_links":{"self":[{"href":"https:\/\/dispensadoresregiomontanos.com\/en\/wp-json\/wp\/v2\/pages\/3093","targetHints":{"allow":["GET"]}}],"collection":[{"href":"https:\/\/dispensadoresregiomontanos.com\/en\/wp-json\/wp\/v2\/pages"}],"about":[{"href":"https:\/\/dispensadoresregiomontanos.com\/en\/wp-json\/wp\/v2\/types\/page"}],"author":[{"embeddable":true,"href":"https:\/\/dispensadoresregiomontanos.com\/en\/wp-json\/wp\/v2\/users\/1"}],"replies":[{"embeddable":true,"href":"https:\/\/dispensadoresregiomontanos.com\/en\/wp-json\/wp\/v2\/comments?post=3093"}],"version-history":[{"count":11,"href":"https:\/\/dispensadoresregiomontanos.com\/en\/wp-json\/wp\/v2\/pages\/3093\/revisions"}],"predecessor-version":[{"id":3621,"href":"https:\/\/dispensadoresregiomontanos.com\/en\/wp-json\/wp\/v2\/pages\/3093\/revisions\/3621"}],"wp:attachment":[{"href":"https:\/\/dispensadoresregiomontanos.com\/en\/wp-json\/wp\/v2\/media?parent=3093"}],"curies":[{"name":"wp","href":"https:\/\/api.w.org\/{rel}","templated":true}]}}